{"id":9436,"date":"2023-01-06T18:05:17","date_gmt":"2023-01-06T18:05:17","guid":{"rendered":"https:\/\/ej-carservices.com\/politica-de-privacidad\/"},"modified":"2023-12-18T09:56:35","modified_gmt":"2023-12-18T09:56:35","slug":"politica-de-privacidad","status":"publish","type":"page","link":"https:\/\/ej-carservices.com\/es\/politica-de-privacidad\/","title":{"rendered":"Pol\u00edtica de privacidad"},"content":{"rendered":"<p>[et_pb_section fb_built=\u00bb1&#8243; _builder_version=\u00bb4.19.0&#8243; _module_preset=\u00bbdefault\u00bb global_colors_info=\u00bb{}\u00bb][\/et_pb_section][et_pb_section fb_built=\u00bb1&#8243; _builder_version=\u00bb4.19.0&#8243; background_image=\u00bbhttps:\/\/ej-carservices.com\/wp-content\/uploads\/2022\/11\/EJCarservice-Family-holiday-parking-scaled.jpg\u00bb custom_margin=\u00bb0px||0px||false|false\u00bb custom_padding=\u00bb30px||0px||false|false\u00bb global_colors_info=\u00bb{}\u00bb][et_pb_row _builder_version=\u00bb4.19.0&#8243; max_width=\u00bb80%\u00bb custom_padding=\u00bb0px|||||\u00bb use_custom_width=\u00bbon\u00bb width_unit=\u00bboff\u00bb global_colors_info=\u00bb{}\u00bb][et_pb_column type=\u00bb4_4&#8243; _builder_version=\u00bb4.16&#8243; custom_padding=\u00bb|||\u00bb global_colors_info=\u00bb{}\u00bb custom_padding__hover=\u00bb|||\u00bb][et_pb_text _builder_version=\u00bb4.19.0&#8243; header_font=\u00bb||||||||\u00bb header_2_font=\u00bbKanit||||||||\u00bb header_2_text_color=\u00bb#2300be\u00bb header_2_line_height=\u00bb1.1em\u00bb custom_margin=\u00bb||10px|\u00bb header_2_font_size_tablet=\u00bb\u00bb header_2_font_size_phone=\u00bb32px\u00bb header_2_font_size_last_edited=\u00bbon|phone\u00bb global_colors_info=\u00bb{}\u00bb]<\/p>\n<h2>Pol\u00edtica de privacidad<\/h2>\n<p>[\/et_pb_text][\/et_pb_column][\/et_pb_row][\/et_pb_section][et_pb_section fb_built=\u00bb1&#8243; _builder_version=\u00bb4.19.0&#8243; _module_preset=\u00bbdefault\u00bb background_color=\u00bb#24444e\u00bb custom_margin=\u00bb0px||0px||false|false\u00bb custom_padding=\u00bb0px||0px||false|false\u00bb global_colors_info=\u00bb{}\u00bb][et_pb_row _builder_version=\u00bb4.19.0&#8243; _module_preset=\u00bbdefault\u00bb custom_margin=\u00bb0px||||false|false\u00bb custom_padding=\u00bb10px||10px||true|false\u00bb global_colors_info=\u00bb{}\u00bb][et_pb_column type=\u00bb4_4&#8243; _builder_version=\u00bb4.19.0&#8243; _module_preset=\u00bbdefault\u00bb global_colors_info=\u00bb{}\u00bb][et_pb_text _builder_version=\u00bb4.19.0&#8243; _module_preset=\u00bbdefault\u00bb header_2_font=\u00bbKanit|700|||||||\u00bb header_2_font_size=\u00bb48px\u00bb header_2_line_height=\u00bb1.2em\u00bb background_layout=\u00bbdark\u00bb max_width=\u00bb98%\u00bb header_2_font_size_tablet=\u00bb28px\u00bb header_2_font_size_phone=\u00bb18px\u00bb header_2_font_size_last_edited=\u00bbon|desktop\u00bb locked=\u00bboff\u00bb global_colors_info=\u00bb{}\u00bb]<\/p>\n<h2><span>Hacemos que su veh\u00edculo parezca y se sienta como nuevo<\/span><\/h2>\n<p>[\/et_pb_text][\/et_pb_column][\/et_pb_row][\/et_pb_section][et_pb_section fb_built=\u00bb1&#8243; custom_padding_last_edited=\u00bbon|phone\u00bb _builder_version=\u00bb4.19.0&#8243; background_enable_color=\u00bboff\u00bb use_background_color_gradient=\u00bbon\u00bb background_color_gradient_direction=\u00bb123deg\u00bb background_color_gradient_stops=\u00bb#1c6398 27%|#ffffff 27%\u00bb custom_padding=\u00bb30px||||false|false\u00bb custom_padding_tablet=\u00bb20px||||false|false\u00bb custom_padding_phone=\u00bb10px||||false|false\u00bb global_colors_info=\u00bb{}\u00bb][et_pb_row _builder_version=\u00bb4.19.0&#8243; _module_preset=\u00bbdefault\u00bb global_colors_info=\u00bb{}\u00bb][et_pb_column type=\u00bb4_4&#8243; _builder_version=\u00bb4.19.0&#8243; _module_preset=\u00bbdefault\u00bb global_colors_info=\u00bb{}\u00bb][et_pb_text _builder_version=\u00bb4.21.0&#8243; _module_preset=\u00bbdefault\u00bb hover_enabled=\u00bb0&#8243; global_colors_info=\u00bb{}\u00bb sticky_enabled=\u00bb0&#8243;]<\/p>\n<p>**Pol\u00edtica de privacidad<br \/>El Titular le informa de su Pol\u00edtica de Privacidad en relaci\u00f3n con el tratamiento y protecci\u00f3n de los datos de car\u00e1cter personal de los usuarios que puedan ser recabados durante la navegaci\u00f3n por el sitio web: https:\/\/ej-carservices.com\/.<\/p>\n<p>En este sentido, el Titular garantiza el cumplimiento de la normativa vigente en materia de protecci\u00f3n de datos personales, seg\u00fan lo establecido en la Ley Org\u00e1nica 3\/2018, de 5 de diciembre, de Protecci\u00f3n de Datos Personales y Garant\u00eda de los Derechos Digitales (LOPD GDD). Tambi\u00e9n cumple el Reglamento (UE) 2016\/679 del Parlamento Europeo y del Consejo, de 27 de abril de 2016, relativo a la protecci\u00f3n de las personas f\u00edsicas (AVG).<\/p>\n<p>El uso del sitio web implica la aceptaci\u00f3n de esta Pol\u00edtica de Privacidad, as\u00ed como de los t\u00e9rminos contenidos en el Aviso Legal.<\/p>\n<p>**Identidad del demandado**<br \/>Propietario: Erik Jansen<br \/>NIF: B44639540<br \/>Direcci\u00f3n: Calle Valencia 26, 03195, El Altet, Alicante, Espana.  <br \/>Correo electr\u00f3nico: info@ej-carservices.com<br \/>P\u00e1gina web: https:\/\/ej-carservices.com\/<\/p>\n<p>**Principios aplicados al tratamiento de datos<br \/>Al procesar sus datos personales, el Propietario aplicar\u00e1 los siguientes principios en consonancia con los requisitos del nuevo Reglamento Europeo de Protecci\u00f3n de Datos (RGPD):<\/p>\n<p>&#8211; Principio de licitud, lealtad y transparencia:** El Titular recabar\u00e1 siempre el consentimiento para el tratamiento de los datos personales, que podr\u00e1 aplicarse para una o varias finalidades espec\u00edficas sobre las que el Titular informar\u00e1 cumplidamente y con car\u00e1cter previo al Usuario.<\/p>\n<p>&#8211; **Principio de minimizaci\u00f3n de datos:** El Titular solicitar\u00e1 \u00fanicamente los datos estrictamente necesarios para la finalidad o finalidades para las que los solicita.<\/p>\n<p>&#8211; **Principio de limitaci\u00f3n del periodo de conservaci\u00f3n:** El Propietario conservar\u00e1 los datos personales recogidos durante el tiempo estrictamente necesario para los fines del tratamiento. El Propietario informar\u00e1 al Usuario del plazo de conservaci\u00f3n correspondiente en funci\u00f3n de la finalidad.<\/p>\n<p>En el caso de las suscripciones, el Propietario comprobar\u00e1 peri\u00f3dicamente los listados y eliminar\u00e1 las inscripciones inactivas durante un periodo de tiempo significativo.<\/p>\n<p>&#8211; Principio de integridad y confidencialidad:** Los datos personales recogidos se tratar\u00e1n de forma que se garantice su seguridad, confidencialidad e integridad. El Propietario tomar\u00e1 las precauciones necesarias para evitar el acceso no autorizado o el uso indebido de los datos por parte de terceros.<\/p>\n<p>**Obtenci\u00f3n de datos personales<br \/>Para navegar por el sitio web, no es necesario que facilite ning\u00fan dato personal.<\/p>\n<p>Los casos en los que s\u00ed facilita datos personales son:<\/p>\n<p>&#8211; Al suscribirse a un formulario de suscripci\u00f3n o bolet\u00edn informativo que el Propietario gestiona con MailChimp.<br \/>&#8211; Al reservar cualquiera de los servicios ofrecidos en l\u00ednea.<br \/>&#8211; Al crear un usuario en el sitio web.<\/p>\n<p>**Derechos**<br \/>El Propietario le informa de que, en relaci\u00f3n con sus datos personales, tiene derecho a:<\/p>\n<p>&#8211; Solicitar acceso a los datos almacenados.<br \/>&#8211; Solicitar la rectificaci\u00f3n o eliminaci\u00f3n.<br \/>&#8211; Solicitar la restricci\u00f3n del tratamiento.<br \/>&#8211; Oponerse al tratamiento.<br \/>&#8211; No ejercer el derecho a la portabilidad de los datos.<\/p>\n<p>El ejercicio de estos derechos es personal y, por tanto, debe ser ejercido directamente por el interesado, dirigi\u00e9ndose directamente al Propietario. Esto significa que cualquier cliente, abonado o empleado que haya facilitado sus datos en cualquier momento puede ponerse en contacto con el Propietario y solicitar informaci\u00f3n sobre los datos almacenados y c\u00f3mo se obtuvieron, solicitar su rectificaci\u00f3n, oponerse a su tratamiento, restringir su uso o solicitar su eliminaci\u00f3n de los archivos del Propietario.<\/p>\n<p>Para ejercer sus derechos, debe enviar su solicitud junto con una copia de su documento de identidad o equivalente a la direcci\u00f3n de correo electr\u00f3nico: info@ej-carservices.com.<\/p>\n<p>El ejercicio de estos derechos no incluye los datos que el Propietario est\u00e9 obligado a conservar con fines administrativos, legales o de seguridad.<\/p>\n<p>Usted tiene derecho a la tutela judicial efectiva y a presentar una reclamaci\u00f3n ante la autoridad de control, en este caso la Agencia Espa\u00f1ola de Protecci\u00f3n de Datos, si considera que el tratamiento de los datos personales que le conciernen vulnera el Reglamento.<\/p>\n<p>**Finalidad del tratamiento de los datos personales<br \/>Cuando usted se conecta al sitio web para reservar un servicio del Propietario, se suscribe a la base de datos de EJ Car Services y proporciona informaci\u00f3n personal de la que es responsable el Propietario. Esta informaci\u00f3n puede incluir datos personales como su direcci\u00f3n IP, nombre y apellidos, direcci\u00f3n f\u00edsica, direcci\u00f3n de correo electr\u00f3nico, n\u00famero de tel\u00e9fono y otra informaci\u00f3n. Al proporcionar esta informaci\u00f3n, da su consentimiento para que su informaci\u00f3n sea recopilada, utilizada, gestionada y almacenada por &#8211; Namecheap &#8211; \u00fanicamente como se describe en las p\u00e1ginas:<\/p>\n<p>&#8211; Aviso legal<br \/>&#8211; Pol\u00edtica de privacidad<\/p>\n<p>Los datos personales y la finalidad del tratamiento por parte del Propietario difieren de un sistema de captura de informaci\u00f3n a otro:<\/p>\n<p>**Formularios de suscripci\u00f3n de contenidos y\/o formulario de reserva:** El Propietario solicita el siguiente personal<\/p>\n<p>[\/et_pb_text][\/et_pb_column][\/et_pb_row][\/et_pb_section]<\/p>\n","protected":false},"excerpt":{"rendered":"<p>Pol\u00edtica de privacidadHacemos que su veh\u00edculo parezca y se sienta como nuevo**Pol\u00edtica de privacidadEl Titular le informa de su Pol\u00edtica de Privacidad en relaci\u00f3n con el tratamiento y protecci\u00f3n de los datos de car\u00e1cter personal de los usuarios que puedan ser recabados durante la navegaci\u00f3n por el sitio web: https:\/\/ej-carservices.com\/. En este sentido, el Titular [&hellip;]<\/p>\n","protected":false},"author":1,"featured_media":0,"parent":0,"menu_order":0,"comment_status":"closed","ping_status":"closed","template":"","meta":{"_et_pb_use_builder":"on","_et_pb_old_content":"","_et_gb_content_width":"","footnotes":""},"class_list":["post-9436","page","type-page","status-publish","hentry"],"_links":{"self":[{"href":"https:\/\/ej-carservices.com\/es\/wp-json\/wp\/v2\/pages\/9436","targetHints":{"allow":["GET"]}}],"collection":[{"href":"https:\/\/ej-carservices.com\/es\/wp-json\/wp\/v2\/pages"}],"about":[{"href":"https:\/\/ej-carservices.com\/es\/wp-json\/wp\/v2\/types\/page"}],"author":[{"embeddable":true,"href":"https:\/\/ej-carservices.com\/es\/wp-json\/wp\/v2\/users\/1"}],"replies":[{"embeddable":true,"href":"https:\/\/ej-carservices.com\/es\/wp-json\/wp\/v2\/comments?post=9436"}],"version-history":[{"count":3,"href":"https:\/\/ej-carservices.com\/es\/wp-json\/wp\/v2\/pages\/9436\/revisions"}],"predecessor-version":[{"id":9440,"href":"https:\/\/ej-carservices.com\/es\/wp-json\/wp\/v2\/pages\/9436\/revisions\/9440"}],"wp:attachment":[{"href":"https:\/\/ej-carservices.com\/es\/wp-json\/wp\/v2\/media?parent=9436"}],"curies":[{"name":"wp","href":"https:\/\/api.w.org\/{rel}","templated":true}]}}