{"id":9434,"date":"2023-01-06T18:03:44","date_gmt":"2023-01-06T18:03:44","guid":{"rendered":"https:\/\/ej-carservices.com\/condiciones-generales\/"},"modified":"2023-12-18T09:56:35","modified_gmt":"2023-12-18T09:56:35","slug":"condiciones-generales","status":"publish","type":"page","link":"https:\/\/ej-carservices.com\/es\/condiciones-generales\/","title":{"rendered":"Condiciones generales"},"content":{"rendered":"<p>[et_pb_section fb_built=\u00bb1&#8243; _builder_version=\u00bb4.19.0&#8243; background_image=\u00bbhttps:\/\/ej-carservices.com\/wp-content\/uploads\/2022\/11\/EJCarservice-Family-holiday-parking-scaled.jpg\u00bb custom_margin=\u00bb0px||0px||false|false\u00bb custom_padding=\u00bb30px||0px||false|false\u00bb global_colors_info=\u00bb{}\u00bb][et_pb_row _builder_version=\u00bb4.19.0&#8243; max_width=\u00bb80%\u00bb custom_padding=\u00bb0px|||||\u00bb use_custom_width=\u00bbon\u00bb width_unit=\u00bboff\u00bb global_colors_info=\u00bb{}\u00bb][et_pb_column type=\u00bb4_4&#8243; _builder_version=\u00bb4.16&#8243; custom_padding=\u00bb|||\u00bb global_colors_info=\u00bb{}\u00bb custom_padding__hover=\u00bb|||\u00bb][et_pb_text _builder_version=\u00bb4.19.0&#8243; header_font=\u00bb||||||||\u00bb header_2_font=\u00bbKanit||||||||\u00bb header_2_text_color=\u00bb#2300be\u00bb header_2_line_height=\u00bb1.1em\u00bb custom_margin=\u00bb||10px|\u00bb header_2_font_size_tablet=\u00bb\u00bb header_2_font_size_phone=\u00bb32px\u00bb header_2_font_size_last_edited=\u00bbon|phone\u00bb global_colors_info=\u00bb{}\u00bb]<\/p>\n<h2>Condiciones generales<\/h2>\n<p>[\/et_pb_text][\/et_pb_column][\/et_pb_row][\/et_pb_section][et_pb_section fb_built=\u00bb1&#8243; _builder_version=\u00bb4.19.0&#8243; _module_preset=\u00bbdefault\u00bb background_color=\u00bb#24444e\u00bb custom_margin=\u00bb0px||0px||false|false\u00bb custom_padding=\u00bb0px||0px||false|false\u00bb global_colors_info=\u00bb{}\u00bb][et_pb_row _builder_version=\u00bb4.19.0&#8243; _module_preset=\u00bbdefault\u00bb custom_margin=\u00bb0px||||false|false\u00bb custom_padding=\u00bb10px||10px||true|false\u00bb global_colors_info=\u00bb{}\u00bb][et_pb_column type=\u00bb4_4&#8243; _builder_version=\u00bb4.19.0&#8243; _module_preset=\u00bbdefault\u00bb global_colors_info=\u00bb{}\u00bb][et_pb_text _builder_version=\u00bb4.21.0&#8243; _module_preset=\u00bbdefault\u00bb header_2_font=\u00bbKanit|700|||||||\u00bb header_2_font_size=\u00bb48px\u00bb header_2_line_height=\u00bb1.2em\u00bb background_layout=\u00bbdark\u00bb max_width=\u00bb98%\u00bb hover_enabled=\u00bb0&#8243; header_2_font_size_tablet=\u00bb28px\u00bb header_2_font_size_phone=\u00bb18px\u00bb header_2_font_size_last_edited=\u00bbon|desktop\u00bb locked=\u00bboff\u00bb global_colors_info=\u00bb{}\u00bb sticky_enabled=\u00bb0&#8243;][\/et_pb_text][\/et_pb_column][\/et_pb_row][\/et_pb_section][et_pb_section fb_built=\u00bb1&#8243; custom_padding_last_edited=\u00bbon|phone\u00bb _builder_version=\u00bb4.19.0&#8243; background_enable_color=\u00bboff\u00bb use_background_color_gradient=\u00bbon\u00bb background_color_gradient_direction=\u00bb123deg\u00bb background_color_gradient_stops=\u00bb#1c6398 27%|#ffffff 27%\u00bb custom_padding=\u00bb30px||||false|false\u00bb custom_padding_tablet=\u00bb20px||||false|false\u00bb custom_padding_phone=\u00bb10px||||false|false\u00bb global_colors_info=\u00bb{}\u00bb][et_pb_row _builder_version=\u00bb4.19.0&#8243; _module_preset=\u00bbdefault\u00bb global_colors_info=\u00bb{}\u00bb][et_pb_column type=\u00bb4_4&#8243; _builder_version=\u00bb4.19.0&#8243; _module_preset=\u00bbdefault\u00bb global_colors_info=\u00bb{}\u00bb][et_pb_text _builder_version=\u00bb4.21.0&#8243; _module_preset=\u00bbdefault\u00bb global_colors_info=\u00bb{}\u00bb]<\/p>\n<p>**EJ Carservices SL &#8211; Condiciones generales de uso del aparcamiento**<\/p>\n<p>El uso del aparcamiento est\u00e1 sujeto en todo momento a las condiciones de uso establecidas en la aceptaci\u00f3n del contrato y expuestas en nuestra p\u00e1gina web [www .ej-carservices.com](http:\/\/www.ej-carservices.com).<\/p>\n<p>Los veh\u00edculos permanecen en todo momento en las instalaciones de la empresa por cuenta y riesgo del cliente. En caso de accidente, la empresa dispone de un seguro de responsabilidad civil para hacer frente a sus obligaciones legales. El cliente est\u00e1 obligado a dejar las llaves a la empresa. Ninguno de los empleados o representantes de la empresa es personal o individualmente responsable de ning\u00fan accidente, p\u00e9rdida o da\u00f1o causado a personas, veh\u00edculos, accesorios o contenidos. Todos los objetos dejados en el veh\u00edculo son responsabilidad exclusiva del cliente.<\/p>\n<p>Los veh\u00edculos que no se reclamen en un plazo de tres meses a partir de la expiraci\u00f3n del contrato podr\u00e1n ponerse a disposici\u00f3n de las autoridades competentes para cubrir los gastos en que pudieran incurrir.<\/p>\n<p>El cliente acepta y autoriza al personal de la empresa a desplazar su veh\u00edculo dentro de las instalaciones para la realizaci\u00f3n de los servicios contratados, tales como lavado de veh\u00edculos, revisi\u00f3n de neum\u00e1ticos o mantenimiento de bater\u00edas, servicios mec\u00e1nicos contratados, etc., as\u00ed como los desplazamientos necesarios para la realizaci\u00f3n de otros servicios que lo requieran.<\/p>\n<p>El uso de cubiertas protectoras es responsabilidad exclusiva del cliente, que debe asegurarse de que est\u00e9n correctamente instaladas y sujetas. El cliente deber\u00e1 notificar a la empresa con al menos 48 horas de antelaci\u00f3n v\u00eda e-mail los movimientos que realizar\u00e1 su veh\u00edculo en [info@ej-carservices .com](mailto:info@ej-carservices.com).<\/p>\n<p>La autorizaci\u00f3n para que una tercera persona retire el veh\u00edculo de nuestras instalaciones debe realizarla SIEMPRE el titular del contrato con una autorizaci\u00f3n manuscrita junto con una copia del documento de identidad del titular del contrato (DNI o NIE), y en ning\u00fan caso otra persona.<\/p>\n<p>El dep\u00f3sito de un veh\u00edculo en nuestras instalaciones se considera una aceptaci\u00f3n incondicional de estas condiciones. Las presentes condiciones generales constituyen el acuerdo \u00edntegro entre el cliente y la empresa en relaci\u00f3n con la prestaci\u00f3n de los servicios contratados.<\/p>\n<p>Al realizar una reserva en el sistema, sus datos quedan registrados como usuario conforme a la Ley de Protecci\u00f3n de Datos, siendo incluido en nuestra base de datos de clientes para fines de gesti\u00f3n interna del aparcamiento. Asimismo, le garantizamos que sus datos nunca ser\u00e1n cedidos o vendidos a ninguna entidad externa ajena a EJ Carservices SL.<\/p>\n<p>Los contratos anuales incluyen entre 12 y un m\u00e1ximo de 12 recogidas y dejadas en el aeropuerto. La desconexi\u00f3n de la bater\u00eda, la colocaci\u00f3n de la cubierta y el lavado del coche NO est\u00e1n incluidos en la cuota anual de 300 euros. El contrato NO se renueva autom\u00e1ticamente. Cualquier pr\u00f3rroga del contrato deber\u00e1 ser aceptada por EJ Carservices SL. Para los coches SIN contrato, cobramos un recargo de 2\u20ac por d\u00eda.<\/p>\n<p>**Ley de Aparcamiento: Obligaciones del titular del aparcamiento**<\/p>\n<p>Seg\u00fan la Ley de Contrato de Aparcamiento de Veh\u00edculos (Ley 40\/2022, de 14 de noviembre), el titular del aparcamiento debe responder de los da\u00f1os causados al veh\u00edculo o usuario, excluidos los da\u00f1os causados por terceros (otros clientes), a su coche o a su contenido en los siguientes casos:<\/p>\n<p>&#8211; Da\u00f1os personales debidos al mal estado o mantenimiento de las instalaciones.<br \/>&#8211; Da\u00f1os al veh\u00edculo por desprendimiento, inundaci\u00f3n por rotura de tuber\u00edas, etc., pero NO los ocasionados por las caracter\u00edsticas de un aparcamiento descubierto debido a cat\u00e1strofes naturales u otros da\u00f1os relacionados con la climatolog\u00eda.<br \/>&#8211; Da\u00f1os por robo en el veh\u00edculo, como rotura de lunas, desaparici\u00f3n del propio veh\u00edculo, etc. Los da\u00f1os por robo excluyen todos los accesorios del veh\u00edculo que no sean parte fija o inseparable del mismo. Los da\u00f1os, excluidos los causados por personas o reclamaciones de cualquier tipo, s\u00f3lo se tramitar\u00e1n si se denuncian dentro de nuestras instalaciones de aparcamiento.<\/p>\n<p>Tenemos hojas de reclamaciones a disposici\u00f3n de los consumidores que las soliciten.<\/p>\n<p>**Obligaciones de los usuarios<\/p>\n<p>El cliente debe retirar del veh\u00edculo los objetos y accesorios que no est\u00e9n fijados, como la radio, la documentaci\u00f3n o el tel\u00e9fono m\u00f3vil. La compa\u00f1\u00eda no se hace responsable de la p\u00e9rdida o rotura de las fundas que cubren el coche, ni est\u00e1 obligada a instalarlas. Es obligatorio presentar el ticket o justificante de recogida del veh\u00edculo. En caso de incumplimiento, deber\u00e1 demostrarse la propiedad del veh\u00edculo, y la empresa no se hace responsable del uso de documentos fraudulentos y del posterior robo del veh\u00edculo. A su vez, la empresa facilitar\u00e1 un justificante de la contrataci\u00f3n del servicio de aparcamiento con los siguientes datos: d\u00eda y hora de entrada, si \u00e9sta determina el precio, identificaci\u00f3n del veh\u00edculo y del conductor.<\/p>\n<p>El usuario es responsable ante la empresa explotadora y los dem\u00e1s usuarios de los da\u00f1os causados por su incumplimiento, incompetencia en la conducci\u00f3n del veh\u00edculo dentro del recinto o apertura de puertas cerca de otros coches. Los usuarios del aparcamiento deben llegar a nuestras instalaciones al menos 1 hora y 30 minutos antes de la hora de entrada. No nos hacemos responsables de la p\u00e9rdida del vuelo por cualquier motivo.<\/p>\n<p>El cliente puede compartir el espacio con otros clientes para el transporte hacia\/desde el aeropuerto. El usuario del aparcamiento es responsable de encontrar el punto de encuentro y debe saber c\u00f3mo volver all\u00ed para la recogida.<\/p>\n<p>**Derechos del propietario del parque<\/p>\n<p>El propietario del aparcamiento tiene un derecho de retenci\u00f3n sobre el veh\u00edculo frente a todo el mundo como garant\u00eda del pago de la tasa de aparcamiento en caso de impago. Nuestras tarifas incluyen el IVA. La empresa se reserva el derecho de modificar las tarifas sin obligaci\u00f3n de preaviso. La empresa y sus empleados tienen derecho a desplazar el veh\u00edculo para el correcto uso de las plazas de aparcamiento o por cualquier necesidad del mismo.<\/p>\n<p>En los contratos anuales, la empresa nunca devolver\u00e1 importe alguno por los meses no consumidos por el cliente durante el contrato. El titular del estacionamiento podr\u00e1 seguir el procedimiento previsto en el art\u00edculo 71 del texto refundido de la Ley de Tr\u00e1fico cuando un veh\u00edculo haya permanecido estacionado de forma continuada en el mismo lugar durante un periodo superior a seis meses, de forma que se crea razonablemente que ha sido abandonado, o cuando existan indicios de falta de inter\u00e9s por parte del titular en su uso.<\/p>\n<p>La empresa NUNCA se hace responsable de los problemas de arranque de su veh\u00edculo causados por fallos mec\u00e1nicos, aver\u00edas en los cristales o en el sistema el\u00e9ctrico, neum\u00e1ticos pinchados o falta de mantenimiento o de carga de la bater\u00eda. Nos comprometemos a ayudar si es posible, pero no asumimos ninguna otra responsabilidad y no se puede reclamar nada.<\/p>\n<p>La compa\u00f1\u00eda no se har\u00e1 responsable de la p\u00e9rdida de ninguna pieza individual del veh\u00edculo: piezas de pl\u00e1stico, puntas de escape, cristales de los retrovisores, etc.<\/p>\n<p>La empresa se reserva el derecho de rechazar un veh\u00edculo, a pesar de la reserva, si puede causar posibles problemas futuros debido a su mal estado o tama\u00f1o. Los coches o furgonetas grandes (de m\u00e1s de 5 metros) pagan un 20% m\u00e1s. Este posible cargo adicional se comunicar\u00e1 a la recepci\u00f3n del veh\u00edculo, sin previo aviso. Las caravanas pagan un aumento del 65% adem\u00e1s de la tasa de aparcamiento.<\/p>\n<p>El cliente dispone de un margen de 1 hora para el estacionamiento de entrada y salida. Si se supera este tiempo, tenemos pleno derecho a cancelar la reserva. El precio se incrementa en 10 euros por cada hora adicional dentro del parque. Si es fuera del horario de apertura, el precio se incrementar\u00e1 en 4 euros por hora debido a los posibles costes resultantes.<\/p>\n<p>**Legislaci\u00f3n de aparcamiento completo:**<br \/>[Link naar de volledige wetgeving](https:\/\/www.boe.es\/buscar\/doc.php?id=BOE-A-2002-22187)  <br \/>Ley 40\/2002, de 14 de Noviembre, reguladora del contrato de Aparcamiento de Veh\u00edculos.<\/p>\n<p>[\/et_pb_text][\/et_pb_column][\/et_pb_row][\/et_pb_section]<\/p>\n","protected":false},"excerpt":{"rendered":"<p>Condiciones generales**EJ Carservices SL &#8211; Condiciones generales de uso del aparcamiento** El uso del aparcamiento est\u00e1 sujeto en todo momento a las condiciones de uso establecidas en la aceptaci\u00f3n del contrato y expuestas en nuestra p\u00e1gina web [www .ej-carservices.com](http:\/\/www.ej-carservices.com). Los veh\u00edculos permanecen en todo momento en las instalaciones de la empresa por cuenta y riesgo [&hellip;]<\/p>\n","protected":false},"author":1,"featured_media":0,"parent":0,"menu_order":0,"comment_status":"closed","ping_status":"closed","template":"","meta":{"_et_pb_use_builder":"on","_et_pb_old_content":"","_et_gb_content_width":"","footnotes":""},"class_list":["post-9434","page","type-page","status-publish","hentry"],"_links":{"self":[{"href":"https:\/\/ej-carservices.com\/es\/wp-json\/wp\/v2\/pages\/9434","targetHints":{"allow":["GET"]}}],"collection":[{"href":"https:\/\/ej-carservices.com\/es\/wp-json\/wp\/v2\/pages"}],"about":[{"href":"https:\/\/ej-carservices.com\/es\/wp-json\/wp\/v2\/types\/page"}],"author":[{"embeddable":true,"href":"https:\/\/ej-carservices.com\/es\/wp-json\/wp\/v2\/users\/1"}],"replies":[{"embeddable":true,"href":"https:\/\/ej-carservices.com\/es\/wp-json\/wp\/v2\/comments?post=9434"}],"version-history":[{"count":3,"href":"https:\/\/ej-carservices.com\/es\/wp-json\/wp\/v2\/pages\/9434\/revisions"}],"predecessor-version":[{"id":9441,"href":"https:\/\/ej-carservices.com\/es\/wp-json\/wp\/v2\/pages\/9434\/revisions\/9441"}],"wp:attachment":[{"href":"https:\/\/ej-carservices.com\/es\/wp-json\/wp\/v2\/media?parent=9434"}],"curies":[{"name":"wp","href":"https:\/\/api.w.org\/{rel}","templated":true}]}}